{"id":1474,"date":"2025-11-24T14:42:46","date_gmt":"2025-11-24T13:42:46","guid":{"rendered":"https:\/\/lenemi.pl\/?page_id=1474"},"modified":"2025-11-24T14:42:46","modified_gmt":"2025-11-24T13:42:46","slug":"sprzet","status":"publish","type":"page","link":"https:\/\/lenemi.pl\/?page_id=1474","title":{"rendered":"Sprz\u0119t"},"content":{"rendered":"\n<p>Dostarczamy sprz\u0119t od sprawdzonych producent\u00f3w:<\/p>\n\n\n\n<ul class=\"wp-block-list\">\n<li>laptopy, komputery stacjonarne<\/li>\n\n\n\n<li>monitory i peryferia<\/li>\n\n\n\n<li>drukarki, urz\u0105dzenia biurowe<\/li>\n\n\n\n<li>akcesoria, podzespo\u0142y<\/li>\n\n\n\n<li>zestawy komputerowe na zam\u00f3wienie<\/li>\n<\/ul>\n\n\n\n<p>Dobieramy sprz\u0119t do realnych potrzeb Twojego biznesu.<\/p>\n","protected":false},"excerpt":{"rendered":"<p>Dostarczamy sprz\u0119t od sprawdzonych producent\u00f3w: Dobieramy sprz\u0119t do realnych potrzeb Twojego biznesu.<\/p>\n","protected":false},"author":1,"featured_media":0,"parent":0,"menu_order":0,"comment_status":"closed","ping_status":"closed","template":"","meta":{"footnotes":""},"class_list":["post-1474","page","type-page","status-publish","hentry"],"_links":{"self":[{"href":"https:\/\/lenemi.pl\/index.php?rest_route=\/wp\/v2\/pages\/1474","targetHints":{"allow":["GET"]}}],"collection":[{"href":"https:\/\/lenemi.pl\/index.php?rest_route=\/wp\/v2\/pages"}],"about":[{"href":"https:\/\/lenemi.pl\/index.php?rest_route=\/wp\/v2\/types\/page"}],"author":[{"embeddable":true,"href":"https:\/\/lenemi.pl\/index.php?rest_route=\/wp\/v2\/users\/1"}],"replies":[{"embeddable":true,"href":"https:\/\/lenemi.pl\/index.php?rest_route=%2Fwp%2Fv2%2Fcomments&post=1474"}],"version-history":[{"count":1,"href":"https:\/\/lenemi.pl\/index.php?rest_route=\/wp\/v2\/pages\/1474\/revisions"}],"predecessor-version":[{"id":1476,"href":"https:\/\/lenemi.pl\/index.php?rest_route=\/wp\/v2\/pages\/1474\/revisions\/1476"}],"wp:attachment":[{"href":"https:\/\/lenemi.pl\/index.php?rest_route=%2Fwp%2Fv2%2Fmedia&parent=1474"}],"curies":[{"name":"wp","href":"https:\/\/api.w.org\/{rel}","templated":true}]}}