{"id":1477,"date":"2025-11-24T14:43:16","date_gmt":"2025-11-24T13:43:16","guid":{"rendered":"https:\/\/lenemi.pl\/?page_id=1477"},"modified":"2025-11-25T06:55:53","modified_gmt":"2025-11-25T05:55:53","slug":"infrastruktura","status":"publish","type":"page","link":"https:\/\/lenemi.pl\/?page_id=1477","title":{"rendered":"Infrastruktura"},"content":{"rendered":"\n<p>Projektujemy, wdra\u017camy i administrujemy \u015brodowiskami serwerowymi, zapewniaj\u0105c ich stabilne i bezpieczne dzia\u0142anie. Dzi\u0119ki profesjonalnej obs\u0142udze i optymalizacji infrastruktury IT wspieramy ci\u0105g\u0142o\u015b\u0107 pracy oraz rozw\u00f3j firm.:<\/p>\n\n\n\n<ul class=\"wp-block-list\">\n<li>serwery fizyczne i wirtualne<\/li>\n\n\n\n<li>macierze dyskowe<\/li>\n\n\n\n<li>backup i zabezpieczenia danych<\/li>\n\n\n\n<li>serwery plik\u00f3w, baz danych, aplikacji<\/li>\n\n\n\n<li>Active Directory<\/li>\n\n\n\n<li>modernizacja obecnej infrastruktury<\/li>\n<\/ul>\n","protected":false},"excerpt":{"rendered":"<p>Projektujemy, wdra\u017camy i administrujemy \u015brodowiskami serwerowymi, zapewniaj\u0105c ich stabilne i bezpieczne dzia\u0142anie. Dzi\u0119ki profesjonalnej obs\u0142udze i optymalizacji infrastruktury IT wspieramy ci\u0105g\u0142o\u015b\u0107 pracy oraz rozw\u00f3j firm.:<\/p>\n","protected":false},"author":1,"featured_media":0,"parent":0,"menu_order":0,"comment_status":"closed","ping_status":"closed","template":"","meta":{"footnotes":""},"class_list":["post-1477","page","type-page","status-publish","hentry"],"_links":{"self":[{"href":"https:\/\/lenemi.pl\/index.php?rest_route=\/wp\/v2\/pages\/1477","targetHints":{"allow":["GET"]}}],"collection":[{"href":"https:\/\/lenemi.pl\/index.php?rest_route=\/wp\/v2\/pages"}],"about":[{"href":"https:\/\/lenemi.pl\/index.php?rest_route=\/wp\/v2\/types\/page"}],"author":[{"embeddable":true,"href":"https:\/\/lenemi.pl\/index.php?rest_route=\/wp\/v2\/users\/1"}],"replies":[{"embeddable":true,"href":"https:\/\/lenemi.pl\/index.php?rest_route=%2Fwp%2Fv2%2Fcomments&post=1477"}],"version-history":[{"count":2,"href":"https:\/\/lenemi.pl\/index.php?rest_route=\/wp\/v2\/pages\/1477\/revisions"}],"predecessor-version":[{"id":1501,"href":"https:\/\/lenemi.pl\/index.php?rest_route=\/wp\/v2\/pages\/1477\/revisions\/1501"}],"wp:attachment":[{"href":"https:\/\/lenemi.pl\/index.php?rest_route=%2Fwp%2Fv2%2Fmedia&parent=1477"}],"curies":[{"name":"wp","href":"https:\/\/api.w.org\/{rel}","templated":true}]}}